{"id":3603,"date":"2014-08-28T06:39:23","date_gmt":"2014-08-28T06:39:23","guid":{"rendered":"http:\/\/sbsa.ca\/contact-us\/"},"modified":"2025-07-07T05:49:16","modified_gmt":"2025-07-07T09:49:16","slug":"contact-us","status":"publish","type":"page","link":"https:\/\/sbsa.ca\/fr\/contact-us\/","title":{"rendered":"Nous joindre"},"content":{"rendered":"<div id=\"pl-3603\"  class=\"panel-layout\" ><div id=\"pg-3603-0\"  class=\"panel-grid panel-no-style\" ><div id=\"pgc-3603-0-0\"  class=\"panel-grid-cell\" ><div id=\"panel-3603-0-0-0\" class=\"so-panel widget widget_black-studio-tinymce widget_black_studio_tinymce panel-first-child\" data-index=\"0\" style=\"margin-bottom: 30px\" ><h3 class=\"widget-title\">Nous joindre<\/h3><div class=\"textwidget\"><h5 style=\"text-align: left;\">Besoin de consultation ou de recommandations? N'h\u00e9sitez pas \u00e0 nous contacter ou de passer au bureau, nous serions ravis de contribuer \u00e0 la r\u00e9ussite de votre projet!<\/h5>\n<\/div><\/div><div id=\"panel-3603-0-0-1\" class=\"so-panel widget widget_black-studio-tinymce widget_black_studio_tinymce panel-last-child\" data-index=\"1\" ><div class=\"textwidget\"><h2>Nos coordonn\u00e9es<\/h2>\n\n<h5 style=\"text-align: left;\"><\/h5>\n<h5>SBSA Experts-conseils en structure<\/h5>\n<h5>5255 Henri-Bourassa Ouest,<\/h5>\n<h5>Suite 230,\u00a0St-Laurent, QC,<\/h5>\n<h5>H4R 2M6<\/h5>\n<h5><\/h5>\n\n<h5>T: <a href=\"tel:\/\/+15149336621\">(514) 933-6621<\/a><\/h5>\n<h5>F:\u00a0<a href=\"fax:\/\/+15149336001\">(514) 931-6001<\/a><\/h5>\n<h5>E: <a href=\"mailto:sbsa@sbsa.ca\">sbsa@sbsa.ca<\/a><\/h5>\n<p>&nbsp;<\/p>\n<h2>Pour services r\u00e9sidentiels<\/h2>\n<h5>T: <a href=\"tel:\/\/+15149336621\">(514) 933-6621<\/a><\/h5>\n<h5>E: <a href=\"mailto:residentiel@sbsa.ca\">residentiel@sbsa.ca<\/a><\/h5>\n<h5><\/h5>\n<\/div><\/div><\/div><\/div><\/div>","protected":false},"excerpt":{"rendered":"<p>Besoin de consultation ou de recommandations? N&#8217;h\u00e9sitez pas \u00e0 nous contacter ou de passer au bureau, nous serions ravis de contribuer \u00e0 la r\u00e9ussite de votre projet! Nos coordonn\u00e9es SBSA Experts-conseils en structure 5255 Henri-Bourassa Ouest, Suite 230,\u00a0St-Laurent, QC, H4R &hellip; <a href=\"https:\/\/sbsa.ca\/fr\/contact-us\/\">Lire la suite<\/a><\/p>\n","protected":false},"author":3,"featured_media":0,"parent":0,"menu_order":0,"comment_status":"open","ping_status":"open","template":"template-contact.php","meta":{"_monsterinsights_skip_tracking":false,"_monsterinsights_sitenote_active":false,"_monsterinsights_sitenote_note":"","_monsterinsights_sitenote_category":0,"footnotes":""},"class_list":["post-3603","page","type-page","status-publish","hentry"],"_links":{"self":[{"href":"https:\/\/sbsa.ca\/fr\/wp-json\/wp\/v2\/pages\/3603","targetHints":{"allow":["GET"]}}],"collection":[{"href":"https:\/\/sbsa.ca\/fr\/wp-json\/wp\/v2\/pages"}],"about":[{"href":"https:\/\/sbsa.ca\/fr\/wp-json\/wp\/v2\/types\/page"}],"author":[{"embeddable":true,"href":"https:\/\/sbsa.ca\/fr\/wp-json\/wp\/v2\/users\/3"}],"replies":[{"embeddable":true,"href":"https:\/\/sbsa.ca\/fr\/wp-json\/wp\/v2\/comments?post=3603"}],"version-history":[{"count":5,"href":"https:\/\/sbsa.ca\/fr\/wp-json\/wp\/v2\/pages\/3603\/revisions"}],"predecessor-version":[{"id":6086,"href":"https:\/\/sbsa.ca\/fr\/wp-json\/wp\/v2\/pages\/3603\/revisions\/6086"}],"wp:attachment":[{"href":"https:\/\/sbsa.ca\/fr\/wp-json\/wp\/v2\/media?parent=3603"}],"curies":[{"name":"wp","href":"https:\/\/api.w.org\/{rel}","templated":true}]}}